{"id":13628,"date":"2024-06-14T03:07:00","date_gmt":"2024-06-14T03:07:00","guid":{"rendered":"https:\/\/www.ireproductionsmusic.com\/?post_type=product&#038;p=13628"},"modified":"2025-05-16T21:51:10","modified_gmt":"2025-05-16T21:51:10","slug":"ciudad-de-habana","status":"publish","type":"product","link":"https:\/\/www.ireproductionsmusic.com\/es\/tienda\/los-van-van\/ciudad-de-habana\/","title":{"rendered":"Havana City"},"content":{"rendered":"<p><strong>Instrumentos <\/strong><\/p>\n<p>Flauta, 2X Trombones, Viol\u00edn, Guitarra Ac\u00fastica, Guitarra El\u00e9ctrica, Piano, Bajo<\/p>\n<p><strong>Escucha el Demo de los MIDIs de Piano y Bajo Nota a Nota<\/strong><\/p>\n<audio class=\"wp-audio-shortcode\" id=\"audio-13628-1\" preload=\"none\" style=\"width: 100%;\" controls=\"controls\"><source type=\"audio\/mpeg\" src=\"https:\/\/www.ireproductionsmusic.com\/wp-content\/uploads\/2024\/06\/Piano-Bass-MIDI-DEMO-havana-city.mp3?_=1\" \/><a href=\"https:\/\/www.ireproductionsmusic.com\/wp-content\/uploads\/2024\/06\/Piano-Bass-MIDI-DEMO-havana-city.mp3\">https:\/\/www.ireproductionsmusic.com\/wp-content\/uploads\/2024\/06\/Piano-Bass-MIDI-DEMO-havana-city.mp3<\/a><\/audio>\n<p class=\"p1\">\n<p>&nbsp;<\/p>\n<p> Authentic arrangement of \"Havana City\" by Los Van Van. Includes all instrument PDF charts, full MIDI arrangement (including Percussion tracks), and an MP3 backing track. ALL options can be purchased individually or as part of the Full package (50% discount). ALL Piano & Bass parts automatically come with note-for-note MIDI transcriptions.<\/p>","protected":false},"excerpt":{"rendered":"<div class=\"audioplayer-tobe  playerid-13642 ap_idx_13628_1 is-single-player apconfig-default-settings-for-zoomsounds button-aspect-noir  skin-wave  ap13642 auto-init\"  data-options='{\"skinwave_comments_playerid\":\"13642\",\"design_skin\":\"skin-wave\",\"disable_scrubbar\":\"off\",\"skinwave_dynamicwaves\":\"on\",\"skinwave_enablereflect\":\"on\",\"skinwave_mode\":\"small\",\"design_wave_color_bg\":\"#252422\",\"design_wave_color_progress\":\"#EB5E28\",\"skinwave_wave_mode_canvas_waves_number\":\"3\",\"skinwave_wave_mode_canvas_waves_padding\":\"1\",\"skinwave_wave_mode_canvas_reflection_size\":\"0.25\",\"cue\":\"auto\",\"embedded\":\"off\",\"mobile_disable_fakeplayer\":\"on\",\"settings_php_handler\":\"wpdefault\"}' style=\" opacity: 0; \" data-posttype=\"attachment\" id=\"ap13642\" data-playerid=\"13642\" data-computed-playerid=\"13642\" data-real-playerid=\"13642\" data-sanitized_source=\"httpswwwireproductionsmusiccomwpcontentuploads202406PistaHavanaCitymp3\" data-sample_time_total=\"284\" data-pcm='[0.44,0.27,0.28,0.4,0.27,0.26,0.16,0.33,0.35,0.25,0.3,0.53,0.43,0.46,0.21,0.27,0.1,0.41,0.13,0.26,0.13,0.19,0.18,0.15,0.13,0.11,0.1,0.15,0.14,0.19,0.19,0.16,0.25,0.19,0.13,0.14,0.34,0.24,0.17,0.28,0.28,0.13,0.21,0.21,0.11,0.35,0.31,0.38,0.29,0.29,0.39,0.19,0.28,0.27,0.23,0.33,0.33,0.17,0.22,0.15,0.45,0.23,0.19,0.41,0.25,0.52,0.19,0.24,0.19,0.21,0.27,0.17,0.13,0.1,0.16,0.25,0.15,0.32,0.22,0.25,0.1,0.11,0.17,0.25,0.27,0.19,0.19,0.6,0.1,0.28,0.33,0.25,0.17,0.32,0.19,0.16,0.15,0.12,0.25,0.28,0.23,0.21,0.17,0.16,0.17,0.11,0.23,0.08,0.13,0.29,0.31,0.24,0.18,0.11,0.3,0.39,0.17,0.39,0.24,0.26,0.23,0.09,0.14,0.19,0.17,0.25,0.21,0.48,0.2,0.12,0.28,0.21,0.13,0.11,0.24,0.13,0.28,0.34,0.26,0.17,0.28,0.12,0.16,0.26,0.21,0.19,0.19,0.1,0.27,0.12,0.19,0.2,0.15,0.23,0.16,0.25,0.28,0.23,0.19,0.18,0.18,0.11,0.16,0.11,0.15,0.23,0.15,0.23,0.16,0.22,0.18,0.25,0.1,0.17,0.19,0.19,0.23,0.14,0.19,0.25,0.23,0.29,0.35,0.49,0.25,0.59,0.22,0.28,0.31,0.47,0.17,0.26,0.3,0.21,0.3,0.32,0.14,0.26,0.25,0.13,0.12,0.18,0.08,0.25,0.12,0.26,0.15,0.12,0.35,0.12,0.09,0.23,0.16,0.24,0.21,0.33,0.39,0.42,0.42,0.34,0.33,0.53,0.37,0.28,0.32,0.45,0.21,0.36,0.2,0.15,0.23,0.29,0.12,0.28,0.2,0.26,0.15,0.1,0.22,0.22,0.14,0.22,0.16,0.1,0.18,0.27,0.23,0.23,0.26,0.16,0.27,0.09,0.22,0.15,0.18,0.23,0.25,0.15,0.15,0.13,0.2,0.17,0.27,0.22,0.18,0.33,0.18,0.2,0.13,0.22,0.3,0.16,0.14,0.29,0.22,0.27,0.13,0.26,0.18,0.11,0.26,0.36,0.3,0.12,0.19,0.17,0.44,0.27,0.15,0.21,0.14,0.24,0.16,0.27,0.18,0.19,0.15,0.3,0.23,0.19,0.15,0.1,0.14,0.21,0.27,0.23,0.11,0.37,0.13,0.08,0.17,0.18,0.23,0.17,0.19,0.14,0.15,0.13,0.18,0.26,0.4,0.26,0.32,0.29,0.24,0.22,0.31,0.3,0.12,0.18,0.08,0.06,0.09,0.26,0.22,0.2,0.63,0.32,0.26,0.25,0.14,0.22,0.3,0.24,0.36,0.09,0.13,0.14,0.11,0.1,0.08,0.15,0.13,0.16,0.15,0.19,0.04,0.22,0.17,0.06,0.19,0.25,0.07,0.05,0.07,0.08,0.05,0.09,0.11,0.04,0.08,0.08,0.06,0.04,0.04,0.02,0.05,0.01,0.01,0.03,0.01,0.01,0.01,0.02,0.01,0.01,0.01,0.01,0.01,0,0.01,0,0,0.01,0,0,0,0,0,0]' data-type=\"detect\" data-source=\"https:\/\/www.ireproductionsmusic.com\/wp-content\/uploads\/2024\/06\/Pista-Havana-City.mp3\" data-playfrom=\"off\">\n<div hidden class=\"feed-dzsap feed-artist-name\">IRE Productions<\/div>\n<div hidden class=\"feed-dzsap feed-song-name\">Pista Havana City<\/div>\n<div class=\"meta-artist track-meta-for-dzsap\"><span class=\"the-artist first-line\"><span class=\"first-line-label\" >IRE Productions<\/span><\/span><span class=\"the-name the-songname second-line\" >Pista Havana City<\/span><\/div>\n<div class=\"menu-description\"><span class=\"the-artist\">IRE Productions<\/span><span class=\"the-name\">Pista Havana City<\/span><\/div>\n<\/div>\n","protected":false},"featured_media":25900,"template":"","meta":[],"product_brand":[],"product_cat":[118,74],"product_tag":[159,309,169,165,224,293,161,292,225,167,170],"class_list":{"0":"post-13628","1":"product","2":"type-product","3":"status-publish","4":"has-post-thumbnail","6":"product_cat-los-van-van","7":"product_cat-mayito-rivera","8":"product_tag-bass","9":"product_tag-cuban-music","10":"product_tag-flute","11":"product_tag-guitar","12":"product_tag-juan-formell","13":"product_tag-midi","14":"product_tag-piano","15":"product_tag-sheet-music","16":"product_tag-songo","17":"product_tag-trombone","18":"product_tag-violin","19":"pa_genre-timba","20":"pa_instrument-2x-trombones","21":"pa_instrument-a-guitar","22":"pa_instrument-bass","23":"pa_instrument-e-guitar","24":"pa_instrument-flute","25":"pa_instrument-full-set-save-50","26":"pa_instrument-midi-full-arrangement","27":"pa_instrument-mp3-backing-track","28":"pa_instrument-piano-midi-included","29":"pa_instrument-violin","31":"first","32":"instock","33":"shipping-taxable","34":"purchasable","35":"product-type-variable"},"_links":{"self":[{"href":"https:\/\/www.ireproductionsmusic.com\/es\/wp-json\/wp\/v2\/product\/13628","targetHints":{"allow":["GET"]}}],"collection":[{"href":"https:\/\/www.ireproductionsmusic.com\/es\/wp-json\/wp\/v2\/product"}],"about":[{"href":"https:\/\/www.ireproductionsmusic.com\/es\/wp-json\/wp\/v2\/types\/product"}],"version-history":[{"count":2,"href":"https:\/\/www.ireproductionsmusic.com\/es\/wp-json\/wp\/v2\/product\/13628\/revisions"}],"predecessor-version":[{"id":38493,"href":"https:\/\/www.ireproductionsmusic.com\/es\/wp-json\/wp\/v2\/product\/13628\/revisions\/38493"}],"wp:featuredmedia":[{"embeddable":true,"href":"https:\/\/www.ireproductionsmusic.com\/es\/wp-json\/wp\/v2\/media\/25900"}],"wp:attachment":[{"href":"https:\/\/www.ireproductionsmusic.com\/es\/wp-json\/wp\/v2\/media?parent=13628"}],"wp:term":[{"taxonomy":"product_brand","embeddable":true,"href":"https:\/\/www.ireproductionsmusic.com\/es\/wp-json\/wp\/v2\/product_brand?post=13628"},{"taxonomy":"product_cat","embeddable":true,"href":"https:\/\/www.ireproductionsmusic.com\/es\/wp-json\/wp\/v2\/product_cat?post=13628"},{"taxonomy":"product_tag","embeddable":true,"href":"https:\/\/www.ireproductionsmusic.com\/es\/wp-json\/wp\/v2\/product_tag?post=13628"}],"curies":[{"name":"wp","href":"https:\/\/api.w.org\/{rel}","templated":true}]}}