{"id":2858,"date":"2024-06-11T01:25:58","date_gmt":"2024-06-11T01:25:58","guid":{"rendered":"https:\/\/www.ireproductionsmusic.com\/?page_id=2858"},"modified":"2025-03-23T01:52:58","modified_gmt":"2025-03-23T01:52:58","slug":"refund_returns","status":"publish","type":"page","link":"https:\/\/www.ireproductionsmusic.com\/es\/refund_returns\/","title":{"rendered":"Return &#038; Refund Policy"},"content":{"rendered":"<div data-elementor-type=\"wp-page\" data-elementor-id=\"2858\" class=\"elementor elementor-2858\" data-elementor-post-type=\"page\">\n\t\t\t\t<div class=\"elementor-element elementor-element-979ccae e-flex e-con-boxed e-con e-parent\" data-id=\"979ccae\" data-element_type=\"container\" data-e-type=\"container\" data-settings=\"{&quot;background_background&quot;:&quot;classic&quot;}\">\n\t\t\t\t\t<div class=\"e-con-inner\">\n\t\t\t\t<div class=\"elementor-element elementor-element-541f7a2 elementor-widget elementor-widget-heading\" data-id=\"541f7a2\" data-element_type=\"widget\" data-e-type=\"widget\" data-settings=\"{&quot;_animation&quot;:&quot;none&quot;}\" data-widget_type=\"heading.default\">\n\t\t\t\t\t<h1 class=\"elementor-heading-title elementor-size-default\">Devoluci\u00f3n y Reembolso<\/h1>\t\t\t\t<\/div>\n\t\t\t\t\t<\/div>\n\t\t\t\t<\/div>\n\t\t<div class=\"elementor-element elementor-element-7f473624 e-flex e-con-boxed e-con e-parent\" data-id=\"7f473624\" data-element_type=\"container\" data-e-type=\"container\">\n\t\t\t\t\t<div class=\"e-con-inner\">\n\t\t\t\t<div class=\"elementor-element elementor-element-51849a9 elementor-widget-mobile__width-initial elementor-widget elementor-widget-text-editor\" data-id=\"51849a9\" data-element_type=\"widget\" data-e-type=\"widget\" data-widget_type=\"text-editor.default\">\n\t\t\t\t\t\t\t\t\t<p><\/p>\n<h2>Entrega del Producto<\/h2>\n<p>Los productos de IRE Productions se entregan \u00fanicamente mediante descarga por Internet. Una vez recibido su pago, procesaremos su pedido. Los pedidos se procesan t\u00edpicamente de inmediato, pero ocasionalmente pueden tardar hasta veinticuatro (24) horas en completarse si hay alg\u00fan problema con su pago. Una vez que su pedido haya sido procesado, le enviaremos un correo electr\u00f3nico de confirmaci\u00f3n a la direcci\u00f3n de correo electr\u00f3nico que proporcion\u00f3 en nuestro formulario de pedido.<\/p>\n<p>Este correo electr\u00f3nico servir\u00e1 como su recibo de compra electr\u00f3nico y contendr\u00e1 la informaci\u00f3n que necesita para acceder a nuestras descargas de productos.<\/p>\n<h2>Pol\u00edtica de Reembolsos<\/h2>\n<p>Para nosotros es sumamente importante ofrecer productos de la m\u00e1xima calidad y que nuestros clientes se sientan satisfechos con el servicio, sin embargo por el hecho que todos nuestros productos son digitales, generalmente no ofrecemos reembolso. En caso de que alg\u00fan cliente cambie de idea despu\u00e9s de haber efectuado una compra, solo podemos ofrecer reembolso si el producto todav\u00eda no ha sido descargado.<\/p>\n<p>Si tiene alguna pregunta sobre esta Pol\u00edtica de Reembolsos, puede contactarnos por correo electr\u00f3nico:<\/p>\n<p>info@ireproductions.eu<\/p>\n<p><\/p>\t\t\t\t\t\t\t\t<\/div>\n\t\t\t\t\t<\/div>\n\t\t\t\t<\/div>\n\t\t\t\t<\/div>","protected":false},"excerpt":{"rendered":"<p>REFUND POLICY Product Delivery IRE Productions products are delivered by Internet download only. Once your payment has been received we will process your order. Orders are typically processed immediately but occasionally can take as long as twenty four (24) hours to complete if there are any issues with your payment. Once your order has been [&hellip;]<\/p>\n","protected":false},"author":1,"featured_media":0,"parent":0,"menu_order":0,"comment_status":"closed","ping_status":"closed","template":"","meta":{"footnotes":""},"class_list":["post-2858","page","type-page","status-publish","hentry"],"_links":{"self":[{"href":"https:\/\/www.ireproductionsmusic.com\/es\/wp-json\/wp\/v2\/pages\/2858","targetHints":{"allow":["GET"]}}],"collection":[{"href":"https:\/\/www.ireproductionsmusic.com\/es\/wp-json\/wp\/v2\/pages"}],"about":[{"href":"https:\/\/www.ireproductionsmusic.com\/es\/wp-json\/wp\/v2\/types\/page"}],"author":[{"embeddable":true,"href":"https:\/\/www.ireproductionsmusic.com\/es\/wp-json\/wp\/v2\/users\/1"}],"replies":[{"embeddable":true,"href":"https:\/\/www.ireproductionsmusic.com\/es\/wp-json\/wp\/v2\/comments?post=2858"}],"version-history":[{"count":0,"href":"https:\/\/www.ireproductionsmusic.com\/es\/wp-json\/wp\/v2\/pages\/2858\/revisions"}],"wp:attachment":[{"href":"https:\/\/www.ireproductionsmusic.com\/es\/wp-json\/wp\/v2\/media?parent=2858"}],"curies":[{"name":"wp","href":"https:\/\/api.w.org\/{rel}","templated":true}]}}