{"id":14063,"date":"2024-06-17T18:53:21","date_gmt":"2024-06-17T18:53:21","guid":{"rendered":"https:\/\/www.ireproductionsmusic.com\/?page_id=14063"},"modified":"2025-03-23T01:54:35","modified_gmt":"2025-03-23T01:54:35","slug":"terms-conditions","status":"publish","type":"page","link":"https:\/\/www.ireproductionsmusic.com\/es\/terms-conditions\/","title":{"rendered":"T\u00e9rminos y Condiciones"},"content":{"rendered":"<div data-elementor-type=\"wp-page\" data-elementor-id=\"14063\" class=\"elementor elementor-14063\" data-elementor-post-type=\"page\">\n\t\t\t\t<div class=\"elementor-element elementor-element-5b5bc6c e-flex e-con-boxed e-con e-parent\" data-id=\"5b5bc6c\" data-element_type=\"container\" data-e-type=\"container\" data-settings=\"{&quot;background_background&quot;:&quot;classic&quot;}\">\n\t\t\t\t\t<div class=\"e-con-inner\">\n\t\t\t\t<div class=\"elementor-element elementor-element-1ae6ddc elementor-widget elementor-widget-heading\" data-id=\"1ae6ddc\" data-element_type=\"widget\" data-e-type=\"widget\" data-widget_type=\"heading.default\">\n\t\t\t\t\t<h2 class=\"elementor-heading-title elementor-size-default\">T\u00e9rminos y Condiciones<\/h2>\t\t\t\t<\/div>\n\t\t\t\t\t<\/div>\n\t\t\t\t<\/div>\n\t\t<div class=\"elementor-element elementor-element-a25af71 e-flex e-con-boxed e-con e-parent\" data-id=\"a25af71\" data-element_type=\"container\" data-e-type=\"container\">\n\t\t\t\t\t<div class=\"e-con-inner\">\n\t\t\t\t<div class=\"elementor-element elementor-element-d1c5949 elementor-widget-mobile__width-initial elementor-widget elementor-widget-text-editor\" data-id=\"d1c5949\" data-element_type=\"widget\" data-e-type=\"widget\" data-widget_type=\"text-editor.default\">\n\t\t\t\t\t\t\t\t\t<p><em>\u00daltima actualizaci\u00f3n: 13 de Junio de 2024<\/em><\/p><p>Por favor, lea estos t\u00e9rminos y condiciones detenidamente antes de usar nuestro Servicio.<\/p><h2 style=\"text-align: left;\">Interpretaci\u00f3n y Definiciones<\/h2><h3>Interpretaci\u00f3n<\/h3><p>Las palabras cuyas iniciales est\u00e1n en may\u00fasculas tienen significados definidos\nbajo las siguientes condiciones. Las siguientes definiciones tendr\u00e1n el mismo\nsignificado independientemente de si aparecen en singular o en plural.<\/p><h3>Definiciones<\/h3><p>A los efectos de estos T\u00e9rminos y Condiciones:<\/p><ul><li><p class=\"translation-block\"><strong>Afiliado<\/strong> significa una entidad que controla, es controlada por o est\u00e1 bajo control com\u00fan con una parte, d\u00f3nde \"control\" significa la propiedad del 50% o m\u00e1s de las acciones, participaci\u00f3n en el capital u otros valores con derecho a voto para la elecci\u00f3n de directores u otra autoridad administrativa.<\/p><\/li><li><p><strong>Cuenta<\/strong> significa una cuenta \u00fanica creada para que usted acceda a nuestro Servicio o\n    partes de nuestro Servicio.<\/p><\/li><li><p><strong>Pa\u00eds<\/strong> se refiere a: Reino Unido<\/p><\/li><li><p><strong>Compa\u00f1\u00eda<\/strong> (referred to as either &#8220;the Company&#8221;, &#8220;We&#8221;, &#8220;Us&#8221; or &#8220;Our&#8221; in this Agreement) refers to IRE Productions, UK.<\/p><\/li><li><p><strong>Dispositivo<\/strong> significa cualquier dispositivo que pueda acceder al Servicio, como un ordenador,\n    un tel\u00e9fono m\u00f3vil o una tableta digital.<\/p><\/li><li><p><strong>Bienes<\/strong> se refiere a los art\u00edculos ofrecidos para la venta en el Servicio.<\/p><\/li><li><p><strong>Pedidos<\/strong> significa una solicitud realizada por Usted para comprar Bienes de Nosotros.<\/p><\/li><li><p><strong>Servicio<\/strong> se refiere al sitio web.<\/p><\/li><li><p><strong>T\u00e9rminos y Condiciones<\/strong> (tambi\u00e9n referidos como \"T\u00e9rminos\") significan estos T\u00e9rminos y\n    Condiciones que constituyen el acuerdo completo entre Usted y la Empresa\n    con respecto al uso del Servicio.<\/p><\/li><li><p><strong>Servicio de Redes Sociales de Terceros<\/strong> significa cualquier servicio o contenido (incluyendo\n    datos, informaci\u00f3n, productos o servicios) proporcionados por un tercero que\n    pueden ser mostrados, incluidos o puestos a disposici\u00f3n por el Servicio.<\/p><\/li><li><p><strong>Sitio Web<\/strong> se refiere a IRE Productions, accesible desde <a href=\"\/es\/www.ireproductions.eu\/\" target=\"_blank\" rel=\"external nofollow noopener\">www.ireproductions.eu<\/a><\/p><\/li><li><p><strong>Usted<\/strong> significa el individuo que accede o usa el Servicio, o la empresa, u otra entidad legal en nombre de la cual dicho individuo accede o usa el Servicio, seg\u00fan corresponda.<\/p><\/li><\/ul><h2 style=\"text-align: left;\">Reconocimiento<\/h2><p>Estos son los T\u00e9rminos y Condiciones que rigen el uso de este Servicio y el\nacuerdo que opera entre Usted y la Empresa. Estos T\u00e9rminos y\nCondiciones establecen los derechos y obligaciones de todos los usuarios con respecto al uso\ndel Servicio.<\/p><p>Su acceso y uso del Servicio est\u00e1 condicionado a su aceptaci\u00f3n y\ncumplimiento de estos T\u00e9rminos y Condiciones. Estos T\u00e9rminos y Condiciones se aplican\na todos los visitantes, usuarios y otros que accedan o usen el Servicio.<\/p><p>Al acceder o usar el Servicio, usted acepta estar sujeto a estos T\u00e9rminos y\nCondiciones. Si no est\u00e1 de acuerdo con alguna parte de estos T\u00e9rminos y Condiciones, no\npodr\u00e1 acceder al Servicio.<\/p><p>Usted declara que tiene m\u00e1s de 18 a\u00f1os. La Empresa no permite\nque los menores de 18 a\u00f1os usen el Servicio.<\/p><p>Su acceso y uso del Servicio tambi\u00e9n est\u00e1 condicionado a su aceptaci\u00f3n\ny cumplimiento de la Pol\u00edtica de Privacidad de la Empresa. Nuestra Pol\u00edtica de Privacidad\ndescribe nuestras pol\u00edticas y procedimientos sobre la recopilaci\u00f3n, el uso y la divulgaci\u00f3n de\nsu informaci\u00f3n personal cuando usa la Aplicaci\u00f3n o el Sitio Web y\nle informa sobre sus derechos de privacidad y c\u00f3mo la ley lo protege. Por favor, lea\nnuestra Pol\u00edtica de Privacidad detenidamente antes de usar nuestro Servicio.<\/p><h2 style=\"text-align: left;\">Realizaci\u00f3n de Pedidos de Bienes<\/h2><p>Al realizar un Pedido de Bienes a trav\u00e9s del Servicio, usted garantiza que est\u00e1\nlegalmente capacitado para celebrar contratos vinculantes.<\/p><h3>Su Informaci\u00f3n<\/h3><p>Si desea realizar un Pedido de Bienes disponibles en el Servicio, es posible que se le\npida que proporcione cierta informaci\u00f3n relevante para su Pedido, incluida, sin\nlimitaci\u00f3n, su nombre, su correo electr\u00f3nico, su n\u00famero de tel\u00e9fono, el n\u00famero de su tarjeta de cr\u00e9dito,\nla fecha de vencimiento de su tarjeta de cr\u00e9dito, su direcci\u00f3n de facturaci\u00f3n y su\ninformaci\u00f3n de env\u00edo.<\/p><p>Usted declara y garantiza que: (i) tiene el derecho legal de usar cualquier\ntarjeta de cr\u00e9dito o d\u00e9bito u otro m\u00e9todo de pago en relaci\u00f3n con cualquier Pedido; y\n(ii) la informaci\u00f3n que nos proporciona es verdadera, correcta y completa.<\/p><p>Al enviar dicha informaci\u00f3n, nos otorga el derecho de proporcionar\nla informaci\u00f3n a terceros procesadores de pagos con el fin de facilitar\nla finalizaci\u00f3n de su Pedido.<\/p><h3 style=\"text-align: left;\">Cancelaci\u00f3n de Pedidos<\/h3><p>Nos reservamos el derecho de rechazar o cancelar su Pedido en cualquier momento por ciertas\nrazones, incluyendo pero no limitado a:<\/p><ul><li>Disponibilidad de bienes<\/li><li>Errores en la descripci\u00f3n o precios de los bienes<\/li><li>Errores en su pedido<\/li><\/ul><p>Nos reservamos el derecho de rechazar o cancelar su Pedido si se sospecha de fraude\no una transacci\u00f3n no autorizada o ilegal.<\/p><h4 style=\"text-align: left;\">Sus derechos de cancelaci\u00f3n de pedidos<\/h4><p>Cualquier bien que compre solo puede ser devuelto de acuerdo con estos T\u00e9rminos y\nCondiciones y nuestra Pol\u00edtica de Devoluciones.<\/p><p>Nuestra Pol\u00edtica de Devoluciones forma parte de estos T\u00e9rminos y Condiciones. Por favor, lea nuestra\nPol\u00edtica de Devoluciones para obtener m\u00e1s informaci\u00f3n sobre su derecho a cancelar su Pedido.<\/p><p>Su derecho a cancelar un Pedido solo se aplica a los Bienes que se devuelven en el\nmismo estado en que los recibi\u00f3. Tambi\u00e9n debe incluir todas las\ninstrucciones, documentos y envoltorios del producto. Los bienes que est\u00e9n da\u00f1ados o no\nen las mismas condiciones en que los recibi\u00f3 o que est\u00e9n desgastados simplemente m\u00e1s all\u00e1 de\nabrir el empaque original no ser\u00e1n reembolsados. Por lo tanto, debe tener\nun cuidado razonable de los bienes comprados mientras est\u00e9n en su posesi\u00f3n.<\/p><p>Le reembolsaremos a m\u00e1s tardar 14 d\u00edas desde el d\u00eda en que recibamos\nlos bienes devueltos. Utilizaremos los mismos medios de pago que utiliz\u00f3 para el\nPedido y no incurrir\u00e1 en ninguna tarifa por dicho reembolso.<\/p><p>No tendr\u00e1 derecho a cancelar un Pedido para el suministro de cualquiera de los\nsiguientes Bienes:<\/p><ul><li>El suministro de bienes hechos a sus especificaciones o claramente personalizados.<\/li><li>El suministro de bienes que, seg\u00fan su naturaleza, no son aptos para ser\n    devueltos, se deterioran r\u00e1pidamente o donde la fecha de caducidad ha pasado.<\/li><li>El suministro de bienes que no son aptos para devoluci\u00f3n por razones de protecci\u00f3n\n    de la salud o higiene y que fueron desprecintados despu\u00e9s de la entrega.<\/li><li>El suministro de bienes que, despu\u00e9s de la entrega, seg\u00fan su naturaleza,\n    est\u00e1n inseparablemente mezclados con otros art\u00edculos.<\/li><li>El suministro de contenido digital que no se suministra en un soporte tangible\n    si la ejecuci\u00f3n ha comenzado con su previo consentimiento expreso y usted ha\n    reconocido su p\u00e9rdida del derecho de cancelaci\u00f3n.<\/li><\/ul><h3 style=\"text-align: left;\">Disponibilidad, Errores e Inexactitudes<\/h3><p>Estamos constantemente actualizando nuestras ofertas de bienes en el Servicio. Los bienes\ndisponibles en nuestro Servicio pueden estar mal valorados, descritos incorrectamente o\nno disponibles, y podemos experimentar retrasos en la actualizaci\u00f3n de la informaci\u00f3n sobre\nnuestros bienes en el Servicio y en nuestra publicidad en otros sitios web.<\/p><p>No podemos y no garantizamos la exactitud o integridad de ninguna\ninformaci\u00f3n, incluidos los precios, im\u00e1genes de productos, especificaciones, disponibilidad,\ny servicios. Nos reservamos el derecho de cambiar o actualizar informaci\u00f3n y corregir\nerrores, inexactitudes u omisiones en cualquier momento sin previo aviso.<\/p><h3 style=\"text-align: left;\">Pol\u00edtica de Precios<\/h3><p>La Empresa se reserva el derecho de revisar sus precios en cualquier momento antes de\naceptar un Pedido.<\/p><p>Los precios cotizados pueden ser revisados por la Empresa posteriormente a la aceptaci\u00f3n de un\nPedido en caso de que ocurra cualquier evento que afecte la entrega causado por la acci\u00f3n\ngubernamental, variaci\u00f3n en los aranceles aduaneros, aumento en los cargos de env\u00edo, mayores\ncostos de cambio de divisas y cualquier otro asunto fuera del control de la Empresa.\nEn ese caso, usted tendr\u00e1 el derecho de cancelar su Pedido.<\/p><h3>Pagos<\/h3><p>Todos los bienes comprados est\u00e1n sujetos a un pago \u00fanico. El pago puede realizarse\na trav\u00e9s de varios m\u00e9todos de pago que tenemos disponibles, como Visa, MasterCard,\nAffinity Card, tarjetas American Express o m\u00e9todos de pago en l\u00ednea (PayPal, por\nejemplo).<\/p><p>Las tarjetas de pago (tarjetas de cr\u00e9dito o d\u00e9bito) est\u00e1n sujetas a verificaciones de validaci\u00f3n\ny autorizaci\u00f3n por parte del emisor de su tarjeta. Si no recibimos la\nautorizaci\u00f3n requerida, no seremos responsables de ning\u00fan retraso o falta de entrega de su\nPedido.<\/p><h2 style=\"text-align: left;\">Cuentas de Usuario<\/h2><p>Cuando crea una cuenta con nosotros, debe proporcionarnos informaci\u00f3n que sea\nprecisa, completa y actual en todo momento. El no hacerlo constituye una\nviolaci\u00f3n de los T\u00e9rminos, lo que puede resultar en la terminaci\u00f3n inmediata de su cuenta\nen nuestro Servicio.<\/p><p>Usted es responsable de salvaguardar la contrase\u00f1a que usa para acceder al\nServicio y de cualquier actividad o acci\u00f3n bajo su contrase\u00f1a, ya sea que su\ncontrase\u00f1a sea con nuestro Servicio o un Servicio de Redes Sociales de Terceros.<\/p><p>Usted acepta no divulgar su contrase\u00f1a a ning\u00fan tercero. Debe notificarnos\ninmediatamente al tomar conocimiento de cualquier violaci\u00f3n de seguridad o uso no autorizado\nde su cuenta.<\/p><p>No puede usar como nombre de usuario el nombre de otra persona o entidad o que no est\u00e9\ndisponible legalmente para su uso, un nombre o marca comercial que est\u00e9 sujeto a\ncualesquiera derechos de otra persona o entidad distinta de usted sin la\nautorizaci\u00f3n adecuada, o un nombre que sea ofensivo, vulgar u obsceno.<\/p><h2 style=\"text-align: left;\">Propiedad Intelectual<\/h2><p>El Servicio y su contenido original (excluyendo el Contenido proporcionado por usted u\notros usuarios), caracter\u00edsticas y funcionalidad son y seguir\u00e1n siendo la propiedad exclusiva\nde la Empresa y sus licenciantes.<\/p><p>El Servicio est\u00e1 protegido por derechos de autor, marcas comerciales y otras leyes de\nambos el Pa\u00eds y pa\u00edses extranjeros.<\/p><p>Nuestras marcas comerciales e imagen comercial no pueden usarse en relaci\u00f3n con ning\u00fan producto\no servicio sin el consentimiento previo por escrito de la Empresa.<\/p><h3 class=\"p1\">Partituras Digitales<\/h3><p class=\"p1\">Al comprar partituras digitales en <a href=\"http:\/\/www.ireproductions.eu\" target=\"_blank\" rel=\"noopener\"><span class=\"s1\">www.ireproductions.eu<\/span><\/a><span class=\"s1\">, <\/span>est\u00e1s adquiriendo una transcripci\u00f3n de la grabaci\u00f3n original de la pieza. IRE Productions no afirma que las transcripciones sean completamente precisas ni que sean publicadas oficialmente por el autor original. Adem\u00e1s, las partituras se adaptan ocasionalmente para satisfacer las necesidades de una audiencia m\u00e1s amplia. Al comprar partituras digitales de IRE Productions, est\u00e1s adquiriendo el derecho a:<\/p><ul><li class=\"li1\">Imprimir cada copia de la partitura comprada un n\u00famero ilimitado de veces<\/li><li class=\"li1\">Volver a descargar los art\u00edculos comprados en cualquier momento<\/li><\/ul><p class=\"p1\">No tienes derecho a:<\/p><ul><li class=\"p1\">Redistribuir la partitura comprada en ning\u00fan formato de archivo con fines comerciales o de otro tipo<\/li><li class=\"li1\">Alquilar, regalar o prestar los productos descargados a terceros<\/li><li class=\"li1\">Alterar, editar o manipular la impresi\u00f3n de la partitura o el archivo MIDI, salvo las alteraciones autorizadas por IRE Productions<\/li><li class=\"li1\">Grabar o publicar la partitura comprada en cualquier forma. Se aplican tarifas de licencia. Por favor, contacta al editor u otro titular de derechos de autor.<\/li><\/ul><h2 style=\"text-align: left;\">Enlaces a Otros Sitios Web<\/h2><p>Nuestro Servicio puede contener enlaces a sitios web o servicios de terceros que no son\npropiedad ni est\u00e1n controlados por la Empresa.<\/p><p>La Empresa no tiene control sobre, y no asume responsabilidad por, el\ncontenido, las pol\u00edticas de privacidad o las pr\u00e1cticas de sitios web o servicios de terceros. Adem\u00e1s, usted\nreconoce y acepta que la Empresa no ser\u00e1 responsable, directa o indirectamente, de ning\u00fan\nda\u00f1o o p\u00e9rdida causada o supuestamente causada por o en relaci\u00f3n con el uso de o\nla confianza en dicho contenido, bienes o servicios disponibles en o a trav\u00e9s de\ndichos sitios web o servicios.<\/p><p>Le recomendamos encarecidamente que lea los t\u00e9rminos y condiciones y las pol\u00edticas de privacidad\nde cualquier sitio web o servicio de terceros que visite.<\/p><h2>Terminaci\u00f3n<\/h2><p>Podemos terminar o suspender su cuenta inmediatamente, sin previo aviso o\nresponsabilidad, por cualquier motivo, incluyendo sin limitaci\u00f3n si usted\nincumple estos T\u00e9rminos y Condiciones.<\/p><p>Al terminar, su derecho a usar el Servicio cesar\u00e1 inmediatamente. Si desea\nterminar su cuenta, puede simplemente dejar de usar el Servicio.<\/p><h2>Limitaci\u00f3n de responsabilidad<\/h2><p>No obstante cualquier da\u00f1o que pueda incurrir, la responsabilidad total de la\nEmpresa y cualquiera de sus proveedores bajo cualquier disposici\u00f3n de estos T\u00e9rminos y su\n\u00fanico recurso para todos los anteriores estar\u00e1 limitada a la cantidad\nrealmente pagada por usted a trav\u00e9s del Servicio o 100 USD si no ha comprado\nnada a trav\u00e9s del Servicio.<\/p><p>En la m\u00e1xima medida permitida por la ley aplicable, en ning\u00fan caso la\nEmpresa o sus proveedores ser\u00e1n responsables de cualquier da\u00f1o especial, incidental, indirecto o\nconsecuente de ning\u00fan tipo (incluidos, entre otros, da\u00f1os por\np\u00e9rdida de beneficios, p\u00e9rdida de datos u otra informaci\u00f3n, por interrupci\u00f3n del negocio,\npor lesiones personales, p\u00e9rdida de privacidad que surjan de o de alguna manera relacionadas con\nel uso o la imposibilidad de usar el Servicio, software de terceros y\/o hardware de terceros\nusados con el Servicio, o de lo contrario en conexi\u00f3n con cualquier\ndisposici\u00f3n de estos T\u00e9rminos), incluso si la Empresa o cualquier proveedor ha sido informado\nde la posibilidad de tales da\u00f1os e incluso si el recurso falla en su\nprop\u00f3sito esencial.<\/p><p>Algunos estados no permiten la exclusi\u00f3n de garant\u00edas impl\u00edcitas o la limitaci\u00f3n de\nresponsabilidad por da\u00f1os incidentales o consecuentes, lo que significa que algunas de\nlas limitaciones anteriores pueden no aplicarse. En estos estados, la responsabilidad de cada parte\nse limitar\u00e1 a la mayor medida permitida por la ley.<\/p><h2 style=\"text-align: left;\">Renuncia de responsabilidad \"TAL COMO EST\u00c1\" y \"SEG\u00daN DISPONIBILIDAD\"<\/h2><p>El Servicio se le proporciona \"TAL COMO EST\u00c1\" y \"SEG\u00daN DISPONIBILIDAD\" y con todos\nlos defectos y fallos sin garant\u00eda de ning\u00fan tipo. En la m\u00e1xima medida permitida\npor la ley aplicable, la Empresa, en su propio nombre y en nombre de sus\nAfiliados y sus respectivos licenciantes y proveedores de servicios,\nrenuncia expresamente a todas las garant\u00edas, ya sean expresas, impl\u00edcitas, legales o\nde otro tipo, con respecto al Servicio, incluidas todas las garant\u00edas impl\u00edcitas de\ncomerciabilidad, idoneidad para un prop\u00f3sito particular, t\u00edtulo y no\ninfracci\u00f3n, y garant\u00edas que puedan surgir del curso de la negociaci\u00f3n, curso de\nrendimiento, uso o pr\u00e1ctica comercial. Sin limitaci\u00f3n a lo anterior, la Empresa\nno proporciona ninguna garant\u00eda o compromiso, y no hace ninguna representaci\u00f3n de ning\u00fan tipo\nque el Servicio cumplir\u00e1 con sus requisitos, lograr\u00e1 cualquier resultado deseado, ser\u00e1\ncompatible o funcionar\u00e1 con cualquier otro software, aplicaciones, sistemas o servicios,\noperar\u00e1 sin interrupci\u00f3n, cumplir\u00e1 con cualquier est\u00e1ndar de rendimiento o fiabilidad o\nestar\u00e1 libre de errores o que cualquier error o defecto pueda o ser\u00e1 corregido.<\/p><p>Sin limitar lo anterior, ni la Empresa ni ninguno de los proveedores de la empresa\nhacen ninguna representaci\u00f3n o garant\u00eda de ning\u00fan tipo, expresa o impl\u00edcita:\n(i) en cuanto al funcionamiento o disponibilidad del Servicio, o la informaci\u00f3n,\ncontenido, y materiales o productos incluidos en el mismo; (ii) que el Servicio\nser\u00e1 ininterrumpido o libre de errores; (iii) en cuanto a la exactitud, fiabilidad o\nactualidad de cualquier informaci\u00f3n o contenido proporcionado a trav\u00e9s del Servicio; o (iv)\nque el Servicio, sus servidores, el contenido, o los correos electr\u00f3nicos enviados desde o en nombre\nde la Empresa est\u00e1n libres de virus, scripts, caballos de Troya, gusanos, malware,\nbombas de tiempo u otros componentes da\u00f1inos.<\/p><p>Algunas jurisdicciones no permiten la exclusi\u00f3n de ciertos tipos de garant\u00edas\no limitaciones en los derechos legales aplicables de un consumidor, por lo que algunas o todas\nlas exclusiones y limitaciones anteriores pueden no aplicarse a usted. Pero en tal caso\nlas exclusiones y limitaciones establecidas en esta secci\u00f3n se aplicar\u00e1n en la\nm\u00e1xima medida permitida por la ley aplicable.<\/p><h2 style=\"text-align: left;\">Ley Aplicable<\/h2><p>Las leyes del Pa\u00eds, excluyendo sus conflictos de reglas legales, regir\u00e1n\nestos T\u00e9rminos y su uso del Servicio. Su uso de la Aplicaci\u00f3n tambi\u00e9n puede\nestar sujeto a otras leyes locales, estatales, nacionales o internacionales.<\/p><h2 style=\"text-align: left;\">Resoluci\u00f3n de Disputas<\/h2><p>Si tiene alguna preocupaci\u00f3n o disputa sobre el Servicio, usted acepta intentar\nresolver la disputa de manera informal contactando a la Empresa primero.<\/p><h2 style=\"text-align: left;\">Para usuarios de la Uni\u00f3n Europea (UE)<\/h2><p>Si usted es un consumidor de la Uni\u00f3n Europea, se beneficiar\u00e1 de cualquier\ndisposici\u00f3n obligatoria de la ley del pa\u00eds en el que resida.<\/p><h2 style=\"text-align: left;\">Cumplimiento Legal en los Estados Unidos<\/h2><p>Usted declara y garantiza que (i) no se encuentra en un pa\u00eds que est\u00e1\nsujeto a un embargo del gobierno de los Estados Unidos, o que ha sido designado\npor el gobierno de los Estados Unidos como un pa\u00eds \"patrocinador del terrorismo\", y (ii)\nno est\u00e1 incluido en ninguna lista del gobierno de los Estados Unidos de partes prohibidas o\nrestringidas.<\/p><h2 style=\"text-align: left;\">Divisibilidad y Renuncia<\/h2><h3 style=\"text-align: left;\">Divisibilidad<\/h3><p>Si alguna disposici\u00f3n de estos T\u00e9rminos se considera inaplicable o inv\u00e1lida, dicha\ndisposici\u00f3n se cambiar\u00e1 e interpretar\u00e1 para lograr los objetivos de dicha\ndisposici\u00f3n en la mayor medida posible bajo la ley aplicable y las\ndisposiciones restantes seguir\u00e1n en pleno vigor y efecto.<\/p><h3>Renuncia<\/h3><p>Excepto por lo dispuesto en este documento, el hecho de no ejercer un derecho o requerir\nel cumplimiento de una obligaci\u00f3n bajo estos T\u00e9rminos no afectar\u00e1 la capacidad de una parte\nde ejercer dicho derecho o requerir dicho cumplimiento en cualquier momento\nposteriormente ni constituir\u00e1 la renuncia a un incumplimiento de ninguna\nsubsecuente infracci\u00f3n.<\/p><h2 style=\"text-align: left;\">Translation Interpretation<\/h2><p class=\"translation-block\">Estos T\u00e9rminos y Condiciones pueden haber sido traducidos si los hemos puesto\na su disposici\u00f3n en nuestro Servicio. Usted acepta que el texto original en ingl\u00e9s\nprevalecer\u00e1 en caso de disputa.<\/p><h2 style=\"text-align: left;\">Cambios en estos T\u00e9rminos y Condiciones<\/h2><p>Nos reservamos el derecho, a nuestro exclusivo criterio, de modificar o reemplazar estos T\u00e9rminos\nen cualquier momento. Si una revisi\u00f3n es material, haremos esfuerzos razonables para\nproporcionar al menos 30 d\u00edas de aviso antes de que entren en vigencia los nuevos t\u00e9rminos. Qu\u00e9\nconstituye un cambio material ser\u00e1 determinado a nuestro exclusivo criterio.<\/p><p>Al continuar accediendo o usando nuestro Servicio despu\u00e9s de que dichas revisiones se\nhagan efectivas, usted acepta estar sujeto a los t\u00e9rminos revisados. Si no est\u00e1 de acuerdo\ncon los nuevos t\u00e9rminos, en su totalidad o en parte, deje de usar el sitio web y el\nServicio.<\/p><h2>Cont\u00e1ctenos<\/h2><p>Si tiene alguna pregunta sobre estos T\u00e9rminos y Condiciones, puede contactarnos:<\/p><ul><li>Por correo electr\u00f3nico: info@ireproductions.eu<\/li><\/ul>\t\t\t\t\t\t\t\t<\/div>\n\t\t\t\t\t<\/div>\n\t\t\t\t<\/div>\n\t\t\t\t<\/div>","protected":false},"excerpt":{"rendered":"<p>Terms of Use Last updated: June 13, 2024 Please read these terms and conditions carefully before using Our Service. Interpretation and Definitions Interpretation The words of which the initial letter is capitalized have meanings defined under the following conditions. The following definitions shall have the same meaning regardless of whether they appear in singular or [&hellip;]<\/p>\n","protected":false},"author":887,"featured_media":0,"parent":0,"menu_order":0,"comment_status":"closed","ping_status":"closed","template":"","meta":{"footnotes":""},"class_list":["post-14063","page","type-page","status-publish","hentry"],"_links":{"self":[{"href":"https:\/\/www.ireproductionsmusic.com\/es\/wp-json\/wp\/v2\/pages\/14063","targetHints":{"allow":["GET"]}}],"collection":[{"href":"https:\/\/www.ireproductionsmusic.com\/es\/wp-json\/wp\/v2\/pages"}],"about":[{"href":"https:\/\/www.ireproductionsmusic.com\/es\/wp-json\/wp\/v2\/types\/page"}],"author":[{"embeddable":true,"href":"https:\/\/www.ireproductionsmusic.com\/es\/wp-json\/wp\/v2\/users\/887"}],"replies":[{"embeddable":true,"href":"https:\/\/www.ireproductionsmusic.com\/es\/wp-json\/wp\/v2\/comments?post=14063"}],"version-history":[{"count":0,"href":"https:\/\/www.ireproductionsmusic.com\/es\/wp-json\/wp\/v2\/pages\/14063\/revisions"}],"wp:attachment":[{"href":"https:\/\/www.ireproductionsmusic.com\/es\/wp-json\/wp\/v2\/media?parent=14063"}],"curies":[{"name":"wp","href":"https:\/\/api.w.org\/{rel}","templated":true}]}}