{"id":13759,"date":"2024-06-17T18:56:51","date_gmt":"2024-06-17T18:56:51","guid":{"rendered":"https:\/\/www.ireproductionsmusic.com\/?page_id=13759"},"modified":"2025-03-23T01:45:44","modified_gmt":"2025-03-23T01:45:44","slug":"disclaimer","status":"publish","type":"page","link":"https:\/\/www.ireproductionsmusic.com\/es\/disclaimer\/","title":{"rendered":"Aviso Legal"},"content":{"rendered":"<div data-elementor-type=\"wp-page\" data-elementor-id=\"13759\" class=\"elementor elementor-13759\" data-elementor-post-type=\"page\">\n\t\t\t\t<div class=\"elementor-element elementor-element-9058130 e-flex e-con-boxed e-con e-parent\" data-id=\"9058130\" data-element_type=\"container\" data-e-type=\"container\" data-settings=\"{&quot;background_background&quot;:&quot;classic&quot;}\">\n\t\t\t\t\t<div class=\"e-con-inner\">\n\t\t\t\t<div class=\"elementor-element elementor-element-39f269e elementor-widget elementor-widget-heading\" data-id=\"39f269e\" data-element_type=\"widget\" data-e-type=\"widget\" data-widget_type=\"heading.default\">\n\t\t\t\t\t<h2 class=\"elementor-heading-title elementor-size-default\">Aviso Legal<\/h2>\t\t\t\t<\/div>\n\t\t\t\t\t<\/div>\n\t\t\t\t<\/div>\n\t\t<div class=\"elementor-element elementor-element-ec7418a e-flex e-con-boxed e-con e-parent\" data-id=\"ec7418a\" data-element_type=\"container\" data-e-type=\"container\">\n\t\t\t\t\t<div class=\"e-con-inner\">\n\t\t\t\t<div class=\"elementor-element elementor-element-28dda04d elementor-widget elementor-widget-text-editor\" data-id=\"28dda04d\" data-element_type=\"widget\" data-e-type=\"widget\" data-widget_type=\"text-editor.default\">\n\t\t\t\t\t\t\t\t\t\n<p>\u00a0<\/p>\n<p><em>\u00daltima actualizaci\u00f3n: 14 de junio de 2024<\/em><\/p>\n\n<h2 class=\"wp-block-heading\">Interpretaci\u00f3n y Definiciones<\/h2>\n\n<h3 class=\"wp-block-heading\">Interpretaci\u00f3n<\/h3>\n\n<p>Las palabras cuyas iniciales est\u00e1n en may\u00fasculas tienen significados definidos\nbajo las siguientes condiciones. Las siguientes definiciones tendr\u00e1n el mismo\nsignificado independientemente de si aparecen en singular o en plural.<\/p>\n\n<h3 class=\"wp-block-heading\">Definiciones<\/h3>\n\n<p>Para los fines de este Aviso Legal:<\/p>\n\n<ul class=\"wp-block-list\">\n<li><strong>Compa\u00f1\u00eda<\/strong> (referida como \"la Empresa\", \"la Compa\u00f1\u00eda\" Nosotros\", \"Nos\" o \"Nuestro\" en este Aviso Legal) se refiere a IRE Productions, Reino Unido.\n  * Servicio se refiere al Sitio Web.<\/li>\n\n<li><strong>Servicio<\/strong> se refiere al sitio web.<\/li>\n\n<li><strong>Usted<\/strong> se refiere al individuo que accede al Servicio, o a la compa\u00f1\u00eda u otra entidad legal en nombre de la cual dicho individuo est\u00e1 accediendo o utilizando el Servicio, seg\u00fan corresponda.<\/li>\n\n<li><strong>Sitio Web<\/strong> se refiere a IRE Productions, accesible desde <a href=\"\/es\/www.ireproductions.eu\/\" target=\"_blank\" rel=\"noreferrer noopener\">www.ireproductions.eu<\/a><\/li>\n<\/ul>\n\n<h2 class=\"wp-block-heading\">Aviso Legal<\/h2>\n\n<p>La informaci\u00f3n contenida en el Servicio es solo para fines de informaci\u00f3n general.<\/p>\n\n<p>La Compa\u00f1\u00eda no asume ninguna responsabilidad por errores u omisiones en los contenidos del Servicio.<\/p>\n\n<p>En ning\u00fan caso la Compa\u00f1\u00eda ser\u00e1 responsable por cualquier da\u00f1o especial, directo, indirecto, consecuente o incidental, ni por ning\u00fan da\u00f1o, ya sea en una acci\u00f3n de contrato, negligencia u otro agravio, que surja de o en conexi\u00f3n con el uso del Servicio o los contenidos del Servicio. La Compa\u00f1\u00eda se reserva el derecho de hacer adiciones, eliminaciones o modificaciones a los contenidos del Servicio en cualquier momento sin previo aviso. Este Aviso Legal ha sido creado con la ayuda del <a href=\"https:\/\/www.termsfeed.com\/disclaimer-generator\/\" target=\"_blank\" rel=\"noreferrer noopener\">Disclaimer Generator<\/a>.<\/p>\n\n<p>La Empresa no garantiza que el Servicio est\u00e9 libre de virus u otros componentes da\u00f1inos.<\/p>\n\n<h2 class=\"wp-block-heading\">Aviso Legal de Enlaces Externos<\/h2>\n\n<p>El Servicio puede contener enlaces a sitios web externos que no son proporcionados o mantenidos por o de alguna manera afiliados con la Compa\u00f1\u00eda.<\/p>\n\n<p>Por favor, tenga en cuenta que la Compa\u00f1\u00eda no garantiza la exactitud, relevancia, actualidad o integridad de cualquier informaci\u00f3n en estos sitios web externos.<\/p>\n\n<h2 class=\"wp-block-heading\">Aviso Legal de Errores y Omisiones<\/h2>\n\n<p>La informaci\u00f3n proporcionada por el Servicio es solo para orientaci\u00f3n general sobre asuntos de inter\u00e9s. Incluso si la Compa\u00f1\u00eda toma todas las precauciones para asegurar que el contenido del Servicio sea tanto actual como preciso, pueden ocurrir errores. Adem\u00e1s, dada la naturaleza cambiante de leyes, normas y regulaciones, puede haber retrasos, omisiones o inexactitudes en la informaci\u00f3n contenida en el Servicio.<\/p>\n\n<p>La Compa\u00f1\u00eda no es responsable de ning\u00fan error u omisi\u00f3n, ni de los resultados obtenidos del uso de esta informaci\u00f3n.<\/p>\n\n<h2 class=\"wp-block-heading\">Aviso Legal de Uso Justo<\/h2>\n\n<p>La Compa\u00f1\u00eda puede usar material protegido por derechos de autor que no siempre ha sido espec\u00edficamente autorizado por el propietario de los derechos de autor. La Compa\u00f1\u00eda est\u00e1 poniendo a disposici\u00f3n dicho material para cr\u00edtica, comentario, reportaje de noticias, ense\u00f1anza, beca o investigaci\u00f3n.<\/p>\n\n<p>La Compa\u00f1\u00eda cree que esto constituye un \"uso justo\" de cualquier material protegido por derechos de autor seg\u00fan lo previsto en la secci\u00f3n 107 de la ley de derechos de autor de los Estados Unidos.<\/p>\n\n<p>Si Usted desea usar material protegido por derechos de autor del Servicio para sus propios fines que vayan m\u00e1s all\u00e1 del uso justo, debe obtener permiso del propietario de los derechos de autor.<\/p>\n\n<h2 class=\"wp-block-heading\">Aviso Legal de Opiniones Expresadas<\/h2>\n\n<p>El Servicio puede contener opiniones y puntos de vista que son de los autores y no reflejan necesariamente la pol\u00edtica oficial o posici\u00f3n de cualquier otro autor, agencia, organizaci\u00f3n, empleador o compa\u00f1\u00eda, incluyendo la Compa\u00f1\u00eda.<\/p>\n\n<p>Los comentarios publicados por los usuarios son su \u00fanica responsabilidad y los usuarios asumir\u00e1n toda la responsabilidad, responsabilidad legal y culpa por cualquier difamaci\u00f3n o litigio que resulte de algo escrito en o como resultado directo de algo escrito en un comentario. La Compa\u00f1\u00eda no es responsable de ning\u00fan comentario publicado por los usuarios y se reserva el derecho de eliminar cualquier comentario por cualquier motivo.<\/p>\n\n<h2 class=\"wp-block-heading\">Aviso Legal de No Responsabilidad<\/h2>\n\n<p>La informaci\u00f3n en el Servicio se proporciona con el entendimiento de que la Compa\u00f1\u00eda no est\u00e1 aqu\u00ed involucrada en la prestaci\u00f3n de asesoramiento y servicios legales, contables, fiscales u otros asesoramientos y servicios profesionales. Como tal, no debe ser utilizada como sustituto de la consulta con asesores profesionales en contabilidad, impuestos, legales u otros asesores competentes.<\/p>\n\n<p>En ning\u00fan caso la Compa\u00f1\u00eda o sus proveedores ser\u00e1n responsables de cualquier da\u00f1o especial, incidental, indirecto o consecuente que surja de o en conexi\u00f3n con su acceso o uso o la imposibilidad de acceder o usar el Servicio.<\/p>\n\n<h2 class=\"wp-block-heading\">Aviso Legal de \"Usar bajo su propio riesgo\"<\/h2>\n\n<p>Toda la informaci\u00f3n en el Servicio se proporciona \"tal cual\", sin garant\u00eda de integridad, exactitud, actualidad o de los resultados obtenidos del uso de esta informaci\u00f3n, y sin garant\u00eda de ning\u00fan tipo, expresa o impl\u00edcita, incluyendo, pero no limitado a garant\u00edas de rendimiento, comerciabilidad y adecuaci\u00f3n para un prop\u00f3sito particular.<\/p>\n\n<p>La Compa\u00f1\u00eda no ser\u00e1 responsable ante Usted o cualquier otra persona por cualquier decisi\u00f3n tomada o acci\u00f3n realizada en base a la informaci\u00f3n proporcionada por el Servicio o por cualquier da\u00f1o consecuente, especial o similar, incluso si se le advierte sobre la posibilidad de tales da\u00f1os.<\/p>\n\n<h2 class=\"wp-block-heading\">Cont\u00e1ctenos<\/h2>\n\n<p>Si tiene alguna pregunta sobre este Aviso Legal, puede contactarnos:<\/p>\n\n<ul class=\"wp-block-list\">\n<li>Por correo electr\u00f3nico: info@ireproductions.eu<\/li>\n<\/ul>\n\t\t\t\t\t\t\t\t<\/div>\n\t\t\t\t\t<\/div>\n\t\t\t\t<\/div>\n\t\t\t\t<\/div>","protected":false},"excerpt":{"rendered":"<p>Disclaimer \u00a0 Last updated: June 14, 2024 Interpretation and Definitions Interpretation The words of which the initial letter is capitalized have meanings defined under the following conditions. The following definitions shall have the same meaning regardless of whether they appear in singular or in plural. Definitions For the purposes of this Disclaimer: Disclaimer The information [&hellip;]<\/p>\n","protected":false},"author":887,"featured_media":0,"parent":0,"menu_order":0,"comment_status":"closed","ping_status":"closed","template":"","meta":{"footnotes":""},"class_list":["post-13759","page","type-page","status-publish","hentry"],"_links":{"self":[{"href":"https:\/\/www.ireproductionsmusic.com\/es\/wp-json\/wp\/v2\/pages\/13759","targetHints":{"allow":["GET"]}}],"collection":[{"href":"https:\/\/www.ireproductionsmusic.com\/es\/wp-json\/wp\/v2\/pages"}],"about":[{"href":"https:\/\/www.ireproductionsmusic.com\/es\/wp-json\/wp\/v2\/types\/page"}],"author":[{"embeddable":true,"href":"https:\/\/www.ireproductionsmusic.com\/es\/wp-json\/wp\/v2\/users\/887"}],"replies":[{"embeddable":true,"href":"https:\/\/www.ireproductionsmusic.com\/es\/wp-json\/wp\/v2\/comments?post=13759"}],"version-history":[{"count":0,"href":"https:\/\/www.ireproductionsmusic.com\/es\/wp-json\/wp\/v2\/pages\/13759\/revisions"}],"wp:attachment":[{"href":"https:\/\/www.ireproductionsmusic.com\/es\/wp-json\/wp\/v2\/media?parent=13759"}],"curies":[{"name":"wp","href":"https:\/\/api.w.org\/{rel}","templated":true}]}}